{"id":415,"date":"2019-01-08T19:42:26","date_gmt":"2019-01-08T19:42:26","guid":{"rendered":"http:\/\/moralphotography.com\/?page_id=415"},"modified":"2025-07-10T18:51:06","modified_gmt":"2025-07-10T16:51:06","slug":"galeria-borbon-lorenzana","status":"publish","type":"page","link":"https:\/\/moralphotography.com\/?page_id=415","title":{"rendered":"Galer\u00eda Borb\u00f3n\u2013Lorenzana"},"content":{"rendered":"\t\t<div data-elementor-type=\"wp-post\" data-elementor-id=\"415\" class=\"elementor elementor-415\">\n\t\t\t\t\t\t<section class=\"elementor-section elementor-top-section elementor-element elementor-element-63a346d elementor-section-boxed elementor-section-height-default elementor-section-height-default\" data-id=\"63a346d\" data-element_type=\"section\">\n\t\t\t\t\t\t<div class=\"elementor-container elementor-column-gap-default\">\n\t\t\t\t\t<div class=\"elementor-column elementor-col-100 elementor-top-column elementor-element elementor-element-5738566\" data-id=\"5738566\" data-element_type=\"column\">\n\t\t\t<div class=\"elementor-widget-wrap elementor-element-populated\">\n\t\t\t\t\t\t<div class=\"elementor-element elementor-element-7291d6d elementor-widget elementor-widget-spacer\" data-id=\"7291d6d\" data-element_type=\"widget\" data-widget_type=\"spacer.default\">\n\t\t\t\t<div class=\"elementor-widget-container\">\n\t\t\t\t\t<div class=\"elementor-spacer\">\n\t\t\t<div class=\"elementor-spacer-inner\"><\/div>\n\t\t<\/div>\n\t\t\t\t<\/div>\n\t\t\t\t<\/div>\n\t\t\t\t<div class=\"elementor-element elementor-element-7e13521 elementor-widget elementor-widget-heading\" data-id=\"7e13521\" data-element_type=\"widget\" data-widget_type=\"heading.default\">\n\t\t\t\t<div class=\"elementor-widget-container\">\n\t\t\t<h1 class=\"elementor-heading-title elementor-size-default\">Galer\u00eda Borb\u00f3n\u2013Lorenzana<\/h1>\t\t<\/div>\n\t\t\t\t<\/div>\n\t\t\t\t<div class=\"elementor-element elementor-element-56f5d58 elementor-widget-divider--view-line elementor-widget elementor-widget-divider\" data-id=\"56f5d58\" data-element_type=\"widget\" data-widget_type=\"divider.default\">\n\t\t\t\t<div class=\"elementor-widget-container\">\n\t\t\t\t\t<div class=\"elementor-divider\">\n\t\t\t<span class=\"elementor-divider-separator\">\n\t\t\t\t\t\t<\/span>\n\t\t<\/div>\n\t\t\t\t<\/div>\n\t\t\t\t<\/div>\n\t\t\t\t<div class=\"elementor-element elementor-element-05d005f elementor-widget elementor-widget-spacer\" data-id=\"05d005f\" data-element_type=\"widget\" data-widget_type=\"spacer.default\">\n\t\t\t\t<div class=\"elementor-widget-container\">\n\t\t\t\t\t<div class=\"elementor-spacer\">\n\t\t\t<div class=\"elementor-spacer-inner\"><\/div>\n\t\t<\/div>\n\t\t\t\t<\/div>\n\t\t\t\t<\/div>\n\t\t\t\t<div class=\"elementor-element elementor-element-7c62799 elementor-widget elementor-widget-heading\" data-id=\"7c62799\" data-element_type=\"widget\" data-widget_type=\"heading.default\">\n\t\t\t\t<div class=\"elementor-widget-container\">\n\t\t\t<h2 class=\"elementor-heading-title elementor-size-default\">Exposition - \u201cOp-Futurisme\u201d<\/h2>\t\t<\/div>\n\t\t\t\t<\/div>\n\t\t\t\t\t<\/div>\n\t\t<\/div>\n\t\t\t\t\t<\/div>\n\t\t<\/section>\n\t\t\t\t<section class=\"elementor-section elementor-top-section elementor-element elementor-element-338a438 elementor-section-boxed elementor-section-height-default elementor-section-height-default\" data-id=\"338a438\" data-element_type=\"section\">\n\t\t\t\t\t\t<div class=\"elementor-container elementor-column-gap-default\">\n\t\t\t\t\t<div class=\"elementor-column elementor-col-50 elementor-top-column elementor-element elementor-element-3820641\" data-id=\"3820641\" data-element_type=\"column\">\n\t\t\t<div class=\"elementor-widget-wrap elementor-element-populated\">\n\t\t\t\t\t\t<div class=\"elementor-element elementor-element-39ff470 elementor-widget elementor-widget-text-editor\" data-id=\"39ff470\" data-element_type=\"widget\" data-widget_type=\"text-editor.default\">\n\t\t\t\t<div class=\"elementor-widget-container\">\n\t\t\t\t\t\t\t<p>Op-Futurisme es una galer\u00eda compuesta de una serie de 16 im\u00e1genes en las que el fot\u00f3grafo Jos\u00e9 Mar\u00eda S\u00e1nchez Moral ha querido dejar patente su pasi\u00f3n por la luz y el color. A trav\u00e9s de cada objeto nos transporta a un mundo de fantas\u00eda, creatividad y color.<\/p><p>Inauguraci\u00f3n: 8 de enero, a las 19:00 horas, en la Sala de Conferencias del Alc\u00e1zar de Toledo<\/p><h4><strong>Del 8 de enero al \u00a018 de enero<\/strong><\/h4><p>925 25 66 80<\/p><p>De lunes a viernes de 8:30 &#8211; 21:00 S\u00e1bados 9:00 &#8211; 14:00 Domingos cerrado.<\/p><p><a href=\"https:\/\/www.toledo.es\/agenda\/op-futurisme\/\">https:\/\/www.toledo.es\/agenda\/op-futurisme\/<\/a><br \/><a href=\"http:\/\/biblioclm.castillalamancha.es\/actividades-todos-los-publicos\/op-futurisme?width=650px&amp;height=500px&amp;inline=true#colorbox-inline-1578476344\">http:\/\/biblioclm.castillalamancha.es\/actividades-todos-los-publicos\/op-futurisme<\/a><\/p>\t\t\t\t\t\t<\/div>\n\t\t\t\t<\/div>\n\t\t\t\t\t<\/div>\n\t\t<\/div>\n\t\t\t\t<div class=\"elementor-column elementor-col-50 elementor-top-column elementor-element elementor-element-0e8033c\" data-id=\"0e8033c\" data-element_type=\"column\">\n\t\t\t<div class=\"elementor-widget-wrap elementor-element-populated\">\n\t\t\t\t\t\t<div class=\"elementor-element elementor-element-aefbd2c elementor-widget elementor-widget-image\" data-id=\"aefbd2c\" data-element_type=\"widget\" data-widget_type=\"image.default\">\n\t\t\t\t<div class=\"elementor-widget-container\">\n\t\t\t\t\t\t\t\t\t\t\t\t\t<img fetchpriority=\"high\" decoding=\"async\" width=\"920\" height=\"920\" src=\"https:\/\/moralphotography.com\/wp-content\/uploads\/2018\/10\/HOME-11.jpg\" class=\"attachment-large size-large wp-image-401\" alt=\"\" srcset=\"https:\/\/moralphotography.com\/wp-content\/uploads\/2018\/10\/HOME-11.jpg 975w, https:\/\/moralphotography.com\/wp-content\/uploads\/2018\/10\/HOME-11-150x150.jpg 150w, https:\/\/moralphotography.com\/wp-content\/uploads\/2018\/10\/HOME-11-300x300.jpg 300w, https:\/\/moralphotography.com\/wp-content\/uploads\/2018\/10\/HOME-11-768x768.jpg 768w, https:\/\/moralphotography.com\/wp-content\/uploads\/2018\/10\/HOME-11-440x440.jpg 440w, https:\/\/moralphotography.com\/wp-content\/uploads\/2018\/10\/HOME-11-610x610.jpg 610w\" sizes=\"(max-width: 920px) 100vw, 920px\" \/>\t\t\t\t\t\t\t\t\t\t\t\t\t<\/div>\n\t\t\t\t<\/div>\n\t\t\t\t\t<\/div>\n\t\t<\/div>\n\t\t\t\t\t<\/div>\n\t\t<\/section>\n\t\t\t\t<section class=\"elementor-section elementor-top-section elementor-element elementor-element-f71421f elementor-section-boxed elementor-section-height-default elementor-section-height-default\" data-id=\"f71421f\" data-element_type=\"section\">\n\t\t\t\t\t\t<div class=\"elementor-container elementor-column-gap-default\">\n\t\t\t\t\t<div class=\"elementor-column elementor-col-100 elementor-top-column elementor-element elementor-element-9e10b06\" data-id=\"9e10b06\" data-element_type=\"column\">\n\t\t\t<div class=\"elementor-widget-wrap elementor-element-populated\">\n\t\t\t\t\t\t<div class=\"elementor-element elementor-element-b0b6138 elementor-widget-divider--view-line elementor-widget elementor-widget-divider\" data-id=\"b0b6138\" data-element_type=\"widget\" data-widget_type=\"divider.default\">\n\t\t\t\t<div class=\"elementor-widget-container\">\n\t\t\t\t\t<div class=\"elementor-divider\">\n\t\t\t<span class=\"elementor-divider-separator\">\n\t\t\t\t\t\t<\/span>\n\t\t<\/div>\n\t\t\t\t<\/div>\n\t\t\t\t<\/div>\n\t\t\t\t\t<\/div>\n\t\t<\/div>\n\t\t\t\t\t<\/div>\n\t\t<\/section>\n\t\t\t\t<section class=\"elementor-section elementor-top-section elementor-element elementor-element-d4a2d64 elementor-section-boxed elementor-section-height-default elementor-section-height-default\" data-id=\"d4a2d64\" data-element_type=\"section\">\n\t\t\t\t\t\t<div class=\"elementor-container elementor-column-gap-default\">\n\t\t\t\t\t<div class=\"elementor-column elementor-col-100 elementor-top-column elementor-element elementor-element-899b405\" data-id=\"899b405\" data-element_type=\"column\">\n\t\t\t<div class=\"elementor-widget-wrap elementor-element-populated\">\n\t\t\t\t\t\t<div class=\"elementor-element elementor-element-aaf04fa elementor-widget elementor-widget-google_maps\" data-id=\"aaf04fa\" data-element_type=\"widget\" data-widget_type=\"google_maps.default\">\n\t\t\t\t<div class=\"elementor-widget-container\">\n\t\t\t\t\t<div class=\"elementor-custom-embed\">\n\t\t\t<iframe loading=\"lazy\"\n\t\t\t\t\tsrc=\"https:\/\/maps.google.com\/maps?q=alcazar%20de%20toledo&#038;t=m&#038;z=17&#038;output=embed&#038;iwloc=near\"\n\t\t\t\t\ttitle=\"alcazar de toledo\"\n\t\t\t\t\taria-label=\"alcazar de toledo\"\n\t\t\t><\/iframe>\n\t\t<\/div>\n\t\t\t\t<\/div>\n\t\t\t\t<\/div>\n\t\t\t\t\t<\/div>\n\t\t<\/div>\n\t\t\t\t\t<\/div>\n\t\t<\/section>\n\t\t\t\t<section class=\"elementor-section elementor-top-section elementor-element elementor-element-0e13c44 elementor-section-boxed elementor-section-height-default elementor-section-height-default\" data-id=\"0e13c44\" data-element_type=\"section\">\n\t\t\t\t\t\t<div class=\"elementor-container elementor-column-gap-default\">\n\t\t\t\t\t<div class=\"elementor-column elementor-col-100 elementor-top-column elementor-element elementor-element-12dc7ad\" data-id=\"12dc7ad\" data-element_type=\"column\">\n\t\t\t<div class=\"elementor-widget-wrap elementor-element-populated\">\n\t\t\t\t\t\t<div class=\"elementor-element elementor-element-1e7ad3b elementor-widget-divider--view-line elementor-widget elementor-widget-divider\" data-id=\"1e7ad3b\" data-element_type=\"widget\" data-widget_type=\"divider.default\">\n\t\t\t\t<div class=\"elementor-widget-container\">\n\t\t\t\t\t<div class=\"elementor-divider\">\n\t\t\t<span class=\"elementor-divider-separator\">\n\t\t\t\t\t\t<\/span>\n\t\t<\/div>\n\t\t\t\t<\/div>\n\t\t\t\t<\/div>\n\t\t\t\t\t<\/div>\n\t\t<\/div>\n\t\t\t\t\t<\/div>\n\t\t<\/section>\n\t\t\t\t<\/div>\n\t\t","protected":false},"excerpt":{"rendered":"<p>Galer\u00eda Borb\u00f3n\u2013Lorenzana Exposition &#8211; \u201cOp-Futurisme\u201d Op-Futurisme es una galer\u00eda compuesta de una serie de 16 im\u00e1genes en las que el fot\u00f3grafo Jos\u00e9 Mar\u00eda S\u00e1nchez Moral ha querido dejar patente su<\/p>\n<p class=\"more-link\"><a href=\"https:\/\/moralphotography.com\/?page_id=415\" class=\"readmore\">Seguir leyendo<svg class=\"icon icon-arrow-right\" aria-hidden=\"true\" role=\"img\"> <use href=\"#icon-arrow-right\" xlink:href=\"#icon-arrow-right\"><\/use> <\/svg><span class=\"screen-reader-text\">Galer\u00eda Borb\u00f3n\u2013Lorenzana<\/span><\/a><\/p>\n","protected":false},"author":1,"featured_media":0,"parent":0,"menu_order":0,"comment_status":"closed","ping_status":"closed","template":"","meta":{"footnotes":""},"class_list":["post-415","page","type-page","status-publish","hentry"],"translation":{"provider":"WPGlobus","version":"2.12.2","language":"es","enabled_languages":["es","en"],"languages":{"es":{"title":true,"content":true,"excerpt":false},"en":{"title":false,"content":false,"excerpt":false}}},"_links":{"self":[{"href":"https:\/\/moralphotography.com\/index.php?rest_route=\/wp\/v2\/pages\/415"}],"collection":[{"href":"https:\/\/moralphotography.com\/index.php?rest_route=\/wp\/v2\/pages"}],"about":[{"href":"https:\/\/moralphotography.com\/index.php?rest_route=\/wp\/v2\/types\/page"}],"author":[{"embeddable":true,"href":"https:\/\/moralphotography.com\/index.php?rest_route=\/wp\/v2\/users\/1"}],"replies":[{"embeddable":true,"href":"https:\/\/moralphotography.com\/index.php?rest_route=%2Fwp%2Fv2%2Fcomments&post=415"}],"version-history":[{"count":20,"href":"https:\/\/moralphotography.com\/index.php?rest_route=\/wp\/v2\/pages\/415\/revisions"}],"predecessor-version":[{"id":1063,"href":"https:\/\/moralphotography.com\/index.php?rest_route=\/wp\/v2\/pages\/415\/revisions\/1063"}],"wp:attachment":[{"href":"https:\/\/moralphotography.com\/index.php?rest_route=%2Fwp%2Fv2%2Fmedia&parent=415"}],"curies":[{"name":"wp","href":"https:\/\/api.w.org\/{rel}","templated":true}]}}