{"id":226,"date":"2018-10-12T08:47:43","date_gmt":"2018-10-12T08:47:43","guid":{"rendered":"http:\/\/moralphotography.com\/?page_id=226"},"modified":"2024-09-15T14:59:03","modified_gmt":"2024-09-15T12:59:03","slug":"about-3","status":"publish","type":"page","link":"https:\/\/moralphotography.com\/?page_id=226","title":{"rendered":"Acerca de mi"},"content":{"rendered":"\t\t<div data-elementor-type=\"wp-post\" data-elementor-id=\"226\" class=\"elementor elementor-226\">\n\t\t\t\t\t\t<section class=\"elementor-section elementor-top-section elementor-element elementor-element-c68bb0d elementor-section-boxed elementor-section-height-default elementor-section-height-default\" data-id=\"c68bb0d\" data-element_type=\"section\">\n\t\t\t\t\t\t<div class=\"elementor-container elementor-column-gap-default\">\n\t\t\t\t\t<div class=\"elementor-column elementor-col-100 elementor-top-column elementor-element elementor-element-c182953\" data-id=\"c182953\" data-element_type=\"column\">\n\t\t\t<div class=\"elementor-widget-wrap elementor-element-populated\">\n\t\t\t\t\t\t<div class=\"elementor-element elementor-element-f342741 elementor-widget elementor-widget-heading\" data-id=\"f342741\" data-element_type=\"widget\" data-widget_type=\"heading.default\">\n\t\t\t\t<div class=\"elementor-widget-container\">\n\t\t\t<h1 class=\"elementor-heading-title elementor-size-default\"><span class=\"elementor-heading-title elementor-size-default elementor-inline-editing pen\" data-elementor-setting-key=\"title\" data-pen-placeholder=\"Teclea aqu\u00ed...\" style=\"font-style: normal; font-size: 2rem;\">Jos\u00e9 Mar\u00eda S\u00e1nchez Moral<\/span><\/h1>\t\t<\/div>\n\t\t\t\t<\/div>\n\t\t\t\t\t<\/div>\n\t\t<\/div>\n\t\t\t\t\t<\/div>\n\t\t<\/section>\n\t\t\t\t<section class=\"elementor-section elementor-top-section elementor-element elementor-element-d0aa105 elementor-section-boxed elementor-section-height-default elementor-section-height-default\" data-id=\"d0aa105\" data-element_type=\"section\">\n\t\t\t\t\t\t<div class=\"elementor-container elementor-column-gap-default\">\n\t\t\t\t\t<div class=\"elementor-column elementor-col-100 elementor-top-column elementor-element elementor-element-a0d76c7\" data-id=\"a0d76c7\" data-element_type=\"column\">\n\t\t\t<div class=\"elementor-widget-wrap elementor-element-populated\">\n\t\t\t\t\t\t<div class=\"elementor-element elementor-element-9efd4ee elementor-widget elementor-widget-heading\" data-id=\"9efd4ee\" data-element_type=\"widget\" data-widget_type=\"heading.default\">\n\t\t\t\t<div class=\"elementor-widget-container\">\n\t\t\t<h3 class=\"elementor-heading-title elementor-size-default\"><span style=\"caret-color: rgb(84, 89, 95); color: rgb(84, 89, 95); font-family: Roboto, sans-serif; font-size: 16px; font-style: normal; font-weight: 600; letter-spacing: 2px; text-transform: uppercase;\">PHOTOGRAPHER<\/span><\/h3>\t\t<\/div>\n\t\t\t\t<\/div>\n\t\t\t\t\t<\/div>\n\t\t<\/div>\n\t\t\t\t\t<\/div>\n\t\t<\/section>\n\t\t\t\t<section class=\"elementor-section elementor-top-section elementor-element elementor-element-c011748 elementor-section-boxed elementor-section-height-default elementor-section-height-default\" data-id=\"c011748\" data-element_type=\"section\">\n\t\t\t\t\t\t<div class=\"elementor-container elementor-column-gap-default\">\n\t\t\t\t\t<div class=\"elementor-column elementor-col-66 elementor-top-column elementor-element elementor-element-8fad02b\" data-id=\"8fad02b\" data-element_type=\"column\">\n\t\t\t<div class=\"elementor-widget-wrap elementor-element-populated\">\n\t\t\t\t\t\t<div class=\"elementor-element elementor-element-5522d03 elementor-widget elementor-widget-text-editor\" data-id=\"5522d03\" data-element_type=\"widget\" data-widget_type=\"text-editor.default\">\n\t\t\t\t<div class=\"elementor-widget-container\">\n\t\t\t\t\t\t\t<ul><li><strong><span style=\"color: #ffffff;\">M\u00e1ster PHotoESPA\u00d1A en Fotograf\u00eda: Teor\u00edas y Proyectos Art\u00edsticos.<\/span><\/strong><\/li><li><strong><span style=\"color: #ffffff;\">EFTI (Centro Internacional de Fotograf\u00eda y Cine, Madrid).<\/span><\/strong><\/li><li><strong><span style=\"color: #ffffff;\">Workshop Experience (Centro Internacional de Imagen, Madrid).<\/span><\/strong><\/li><\/ul><h3><span style=\"color: #ffffff;\"><strong>Especializado en los siguientes campos:<\/strong><\/span><\/h3><p>\u00a0<\/p><p><span style=\"color: #ffffff;\">M\u00e1ster\u00a0PHotoESPA\u00d1A en Fotograf\u00eda: Teor\u00edas y Proyectos Art\u00edsticos.<\/span><\/p><p><span style=\"color: #ffffff; font-family: var( --e-global-typography-text-font-family ), Sans-serif; font-size: 1.125rem;\">Fotograf\u00eda Publicitaria (EFTI Madrid)<\/span><\/p><p><span style=\"color: #ffffff;\">M\u00e1ster en Postproducci\u00f3n Digital y Retoque Fotogr\u00e1fico (Workshop Experience).<\/span><\/p><p><span style=\"color: #ffffff;\">M\u00e1ster en Periodismo\u00a0Fotogr\u00e1fico\u00a0(Esneca Business School).<\/span><\/p><p><span style=\"color: #ffffff;\">M\u00e1ster RBG en Inteligencia Artificial Audiovisual.<\/span><\/p><p><span style=\"color: #ffffff;\">M\u00e1ster \u00a0de Filmaci\u00f3n A\u00e9rea con Drones (Droneguru).<\/span><\/p><p><span style=\"color: #ffffff;\">M\u00e1ster \u00a0Filmaci\u00f3n FPV Profesional (Droneguru).<\/span><\/p><p><span style=\"color: #ffffff;\">Curso Superior Universitario de Fotograf\u00eda Profesional (Workshop Experience).<\/span><\/p><p><span style=\"color: #ffffff;\">Curso Superior Universitario de Moda y Belleza (Workshop Experience).<\/span><\/p><p><span style=\"color: #ffffff;\">Curso de Fotograf\u00eda de Stock (Workshop Experience).<\/span><\/p><h4>\u00a0<\/h4><h4><span style=\"color: #ffffff;\">Durante su trayectoria profesional ha expuesto en solitario y en muestras colectivas.<\/span><\/h4><p><span style=\"color: #ffffff;\">Colectiva. Encuentros en tiempo presente<\/span><\/p><section class=\"afg-phe-single-phe-header afg-phe-exhibition-single-header\"><header class=\"col-lg-7 col-md-7 col-sm-7\"><\/header><\/section><div class=\"single-phe-content single-exhibition-content col-lg-12 col-md-12 col-sm-12 nopadding open\"><section class=\"col-lg-5 col-md-5 col-sm-5\"><section class=\"single-exhibition-content-dates\"><span style=\"color: #ffffff;\">23.09.2020 \u2014 15.11.2020<\/span><\/section><section class=\"single-exhibition-content-organizer\"><span style=\"color: #ffffff;\">Organizador<\/span><br \/><span style=\"color: #ffffff;\"><strong>Centro de Arte Alcobendas y PHotoESPA\u00d1A<\/strong><\/span><\/section><\/section><\/div><p><span style=\"color: #ffffff;\">Finalista en el VIII premio de fotograf\u00eda de la\u00a0Fundaci\u00f3n Aena\u00a0con su obra \u201c1944\u201d, expuesta en la sala Kioto del antiguo hospital de Santa Mar\u00eda la Rica\u00a0 de Alcal\u00e1 de Henares, refleja la nostalgia y la ilusi\u00f3n con que mira desde la ni\u00f1ez los gui\u00f1os hist\u00f3ricos del pasado, imaginando la emoci\u00f3n del piloto\u00a0 entretejida con su \u201cpropia historia\u201d.<\/span><br \/><span style=\"color: #ffffff;\">El color sepia del fuselaje del avi\u00f3n es el testigo de ese misterioso transcurrir\u00a0del tiempo y c\u00f3mo logra capturarlo en nuestra historia vivida.<\/span><\/p><p class=\"p1\"><span class=\"s1\" style=\"color: #ffffff;\"><b>&#8212;&#8212;&#8212;&#8212;&#8212;&#8212;&#8212;&#8212;&#8212;<\/b><\/span><\/p><p class=\"p1\"><span class=\"s1\" style=\"color: #ffffff;\">A Senior Sound and Image Technician\u00a0<span class=\"Apple-converted-space\">\u00a0<\/span>(CET, Madrid),Jos\u00e9 Mar\u00eda S\u00e1nchez Moral began his professional training as a photographer at:<\/span><\/p><p><span style=\"color: #ffffff;\"><strong>PHotoEspa\u00f1a Master in Photography<\/strong><\/span><\/p><p class=\"p1\"><span style=\"color: #ffffff;\"><b style=\"font-family: inherit; font-style: inherit;\">EFTI<\/b><span style=\"font-size: 17px;\">\u00a0(International Center of Photography and Cinema).<\/span><\/span><\/p><p class=\"p1\"><span style=\"color: #ffffff; font-size: 17px;\"><b style=\"font-family: inherit; font-style: inherit;\">Workshop Experience in Madrid (International Image Center).<\/b><\/span><\/p><p class=\"p1\"><span style=\"color: #ffffff;\"><strong><span style=\"font-size: 17px;\"><span class=\"s1\">\u2022 PHotoESPA\u00d1A Master in Photography: Theories and Artistic Projects.<\/span><\/span><\/strong><\/span><\/p><p class=\"p1\"><span class=\"s1\" style=\"color: #ffffff;\">\u2022 Advertising Photography (EFTI Madrid).<\/span><\/p><p class=\"p1\"><span style=\"color: #ffffff;\"><strong><span class=\"s1\">\u2022 Master in Digital Postproduction\u00a0<\/span><span style=\"font-size: 17px;\">and Editing Photos (Workshop Experience).<\/span><\/strong><\/span><\/p><p class=\"p1\"><span class=\"s1\" style=\"color: #ffffff;\">\u2022 Advanced University Course in Professional Photography (Workshop Experience).<\/span><\/p><p class=\"p1\"><span class=\"s1\" style=\"color: #ffffff;\">\u2022 Advanced University Course in Fashion and Beauty Photography (Workshop Experience).<\/span><\/p><p class=\"p1\"><span class=\"s1\" style=\"color: #ffffff;\">\u2022 Stock Photography Course (Workshop Experience).<\/span><\/p><p class=\"p1\"><span class=\"s1\" style=\"color: #ffffff;\">Over the years his work has been exhibited in a number of solo and collective exhibitions, and in 2015 he was a runner-up in the VIII Photography Prize of the\u00a0<strong>Aena Foundation for his work \u00ab1944\u00bb.<\/strong>\u00a0Displayed in the Kyoto room of the old Santa Mar\u00eda la Rica Hospital in Alcal\u00e1 de Henares, this intriguing work reflects the nostalgia and the illusion with which, since childhood, he has back at the past, imagining the emotion of the pilot interwoven with his \u00abown history\u00bb. The sepia colour of the plane&#8217;s fuselage bears witness to the mysterious passage of time and to how this is captured in our own personal history.<\/span><\/p>\t\t\t\t\t\t<\/div>\n\t\t\t\t<\/div>\n\t\t\t\t\t<\/div>\n\t\t<\/div>\n\t\t\t\t<div class=\"elementor-column elementor-col-33 elementor-top-column elementor-element elementor-element-175bb01\" data-id=\"175bb01\" data-element_type=\"column\">\n\t\t\t<div class=\"elementor-widget-wrap elementor-element-populated\">\n\t\t\t\t\t\t<div class=\"elementor-element elementor-element-b5e25a6 elementor-widget elementor-widget-image\" data-id=\"b5e25a6\" data-element_type=\"widget\" data-widget_type=\"image.default\">\n\t\t\t\t<div class=\"elementor-widget-container\">\n\t\t\t\t\t\t\t\t\t\t\t\t\t<img fetchpriority=\"high\" decoding=\"async\" width=\"920\" height=\"868\" src=\"https:\/\/moralphotography.com\/wp-content\/uploads\/2018\/10\/PWEB-1.jpg\" class=\"attachment-large size-large wp-image-381\" alt=\"\" srcset=\"https:\/\/moralphotography.com\/wp-content\/uploads\/2018\/10\/PWEB-1.jpg 1000w, https:\/\/moralphotography.com\/wp-content\/uploads\/2018\/10\/PWEB-1-300x283.jpg 300w, https:\/\/moralphotography.com\/wp-content\/uploads\/2018\/10\/PWEB-1-768x725.jpg 768w, https:\/\/moralphotography.com\/wp-content\/uploads\/2018\/10\/PWEB-1-440x415.jpg 440w\" sizes=\"(max-width: 920px) 100vw, 920px\" \/>\t\t\t\t\t\t\t\t\t\t\t\t\t<\/div>\n\t\t\t\t<\/div>\n\t\t\t\t\t<\/div>\n\t\t<\/div>\n\t\t\t\t\t<\/div>\n\t\t<\/section>\n\t\t\t\t<\/div>\n\t\t","protected":false},"excerpt":{"rendered":"<p>Jos\u00e9 Mar\u00eda S\u00e1nchez Moral PHOTOGRAPHER M\u00e1ster PHotoESPA\u00d1A en Fotograf\u00eda: Teor\u00edas y Proyectos Art\u00edsticos. EFTI (Centro Internacional de Fotograf\u00eda y Cine, Madrid). Workshop Experience (Centro Internacional de Imagen, Madrid). Especializado en<\/p>\n<p class=\"more-link\"><a href=\"https:\/\/moralphotography.com\/?page_id=226\" class=\"readmore\">Seguir leyendo<svg class=\"icon icon-arrow-right\" aria-hidden=\"true\" role=\"img\"> <use href=\"#icon-arrow-right\" xlink:href=\"#icon-arrow-right\"><\/use> <\/svg><span class=\"screen-reader-text\">Acerca de mi<\/span><\/a><\/p>\n","protected":false},"author":1,"featured_media":0,"parent":0,"menu_order":0,"comment_status":"closed","ping_status":"closed","template":"elementor_header_footer","meta":{"footnotes":""},"class_list":["post-226","page","type-page","status-publish","hentry"],"translation":{"provider":"WPGlobus","version":"2.12.2","language":"es","enabled_languages":["es","en"],"languages":{"es":{"title":true,"content":true,"excerpt":false},"en":{"title":false,"content":false,"excerpt":false}}},"_links":{"self":[{"href":"https:\/\/moralphotography.com\/index.php?rest_route=\/wp\/v2\/pages\/226"}],"collection":[{"href":"https:\/\/moralphotography.com\/index.php?rest_route=\/wp\/v2\/pages"}],"about":[{"href":"https:\/\/moralphotography.com\/index.php?rest_route=\/wp\/v2\/types\/page"}],"author":[{"embeddable":true,"href":"https:\/\/moralphotography.com\/index.php?rest_route=\/wp\/v2\/users\/1"}],"replies":[{"embeddable":true,"href":"https:\/\/moralphotography.com\/index.php?rest_route=%2Fwp%2Fv2%2Fcomments&post=226"}],"version-history":[{"count":121,"href":"https:\/\/moralphotography.com\/index.php?rest_route=\/wp\/v2\/pages\/226\/revisions"}],"predecessor-version":[{"id":1077,"href":"https:\/\/moralphotography.com\/index.php?rest_route=\/wp\/v2\/pages\/226\/revisions\/1077"}],"wp:attachment":[{"href":"https:\/\/moralphotography.com\/index.php?rest_route=%2Fwp%2Fv2%2Fmedia&parent=226"}],"curies":[{"name":"wp","href":"https:\/\/api.w.org\/{rel}","templated":true}]}}